{"id":213,"date":"2026-01-15T17:21:41","date_gmt":"2026-01-15T22:21:41","guid":{"rendered":"https:\/\/arnulfochapa.com\/?page_id=213"},"modified":"2026-01-16T14:26:14","modified_gmt":"2026-01-16T19:26:14","slug":"servicios","status":"publish","type":"page","link":"http:\/\/arnulfochapa.com\/es\/servicios\/","title":{"rendered":"Servicios"},"content":{"rendered":"\t\t<div data-elementor-type=\"wp-page\" data-elementor-id=\"213\" class=\"elementor elementor-213\">\n\t\t\t\t<div class=\"elementor-element elementor-element-c617d9f e-flex e-con-boxed e-con e-parent\" data-id=\"c617d9f\" data-element_type=\"container\" data-e-type=\"container\" data-settings=\"{&quot;background_background&quot;:&quot;classic&quot;}\">\n\t\t\t\t\t<div class=\"e-con-inner\">\n\t\t\t\t<div class=\"elementor-element elementor-element-6864561 elementor-widget elementor-widget-heading\" data-id=\"6864561\" data-element_type=\"widget\" data-e-type=\"widget\" data-widget_type=\"heading.default\">\n\t\t\t\t\t<h1 class=\"elementor-heading-title elementor-size-default\">Servicios<\/h1>\t\t\t\t<\/div>\n\t\t\t\t<div class=\"elementor-element elementor-element-cfe458c elementor-icon-list--layout-inline elementor-align-center elementor-list-item-link-full_width elementor-widget elementor-widget-icon-list\" data-id=\"cfe458c\" data-element_type=\"widget\" data-e-type=\"widget\" data-widget_type=\"icon-list.default\">\n\t\t\t\t\t\t\t<ul class=\"elementor-icon-list-items elementor-inline-items\">\n\t\t\t\t\t\t\t<li class=\"elementor-icon-list-item elementor-inline-item\">\n\t\t\t\t\t\t\t\t\t\t<span class=\"elementor-icon-list-text\">Inicio<\/span>\n\t\t\t\t\t\t\t\t\t<\/li>\n\t\t\t\t\t\t\t\t<li class=\"elementor-icon-list-item elementor-inline-item\">\n\t\t\t\t\t\t\t\t\t\t\t<span class=\"elementor-icon-list-icon\">\n\t\t\t\t\t\t\t<svg aria-hidden=\"true\" class=\"e-font-icon-svg e-fas-arrow-right\" viewBox=\"0 0 448 512\" xmlns=\"http:\/\/www.w3.org\/2000\/svg\"><path d=\"M190.5 66.9l22.2-22.2c9.4-9.4 24.6-9.4 33.9 0L441 239c9.4 9.4 9.4 24.6 0 33.9L246.6 467.3c-9.4 9.4-24.6 9.4-33.9 0l-22.2-22.2c-9.5-9.5-9.3-25 .4-34.3L311.4 296H24c-13.3 0-24-10.7-24-24v-32c0-13.3 10.7-24 24-24h287.4L190.9 101.2c-9.8-9.3-10-24.8-.4-34.3z\"><\/path><\/svg>\t\t\t\t\t\t<\/span>\n\t\t\t\t\t\t\t\t\t\t<span class=\"elementor-icon-list-text\">Servicios<\/span>\n\t\t\t\t\t\t\t\t\t<\/li>\n\t\t\t\t\t\t<\/ul>\n\t\t\t\t\t\t<\/div>\n\t\t\t\t\t<\/div>\n\t\t\t\t<\/div>\n\t\t<div class=\"elementor-element elementor-element-21a97c3 e-flex e-con-boxed e-con e-parent\" data-id=\"21a97c3\" data-element_type=\"container\" data-e-type=\"container\">\n\t\t\t\t\t<div class=\"e-con-inner\">\n\t\t<div class=\"elementor-element elementor-element-21d4ed4 e-con-full e-flex e-con e-child\" data-id=\"21d4ed4\" data-element_type=\"container\" data-e-type=\"container\" data-settings=\"{&quot;background_background&quot;:&quot;classic&quot;}\">\n\t\t\t\t<div class=\"elementor-element elementor-element-d25ca8a elementor-widget elementor-widget-heading\" data-id=\"d25ca8a\" data-element_type=\"widget\" data-e-type=\"widget\" data-widget_type=\"heading.default\">\n\t\t\t\t\t<h2 class=\"elementor-heading-title elementor-size-default\">Perdones \/ Asilo Pol\u00edtico<\/h2>\t\t\t\t<\/div>\n\t\t\t\t<div class=\"elementor-element elementor-element-c7ba5b2 elementor-widget elementor-widget-text-editor\" data-id=\"c7ba5b2\" data-element_type=\"widget\" data-e-type=\"widget\" data-widget_type=\"text-editor.default\">\n\t\t\t\t\t\t\t\t\tBrindamos asesor\u00eda legal especializada en perdones migratorios y solicitudes de asilo pol\u00edtico, ayudando a personas que enfrentan situaciones complejas a presentar su caso de forma clara y bien fundamentada. Nuestro objetivo es proteger tus derechos y acompa\u00f1arte durante todo el proceso, asegurando un manejo responsable y confidencial de tu informaci\u00f3n.\t\t\t\t\t\t\t\t<\/div>\n\t\t\t\t<\/div>\n\t\t<div class=\"elementor-element elementor-element-82dcf5a e-con-full e-flex e-con e-child\" data-id=\"82dcf5a\" data-element_type=\"container\" data-e-type=\"container\" data-settings=\"{&quot;background_background&quot;:&quot;classic&quot;}\">\n\t\t\t\t<div class=\"elementor-element elementor-element-a4f6fbb elementor-widget elementor-widget-heading\" data-id=\"a4f6fbb\" data-element_type=\"widget\" data-e-type=\"widget\" data-widget_type=\"heading.default\">\n\t\t\t\t\t<h2 class=\"elementor-heading-title elementor-size-default\">Peticiones Familiares \/ TPS<\/h2>\t\t\t\t<\/div>\n\t\t\t\t<div class=\"elementor-element elementor-element-4e7ba6d elementor-widget elementor-widget-text-editor\" data-id=\"4e7ba6d\" data-element_type=\"widget\" data-e-type=\"widget\" data-widget_type=\"text-editor.default\">\n\t\t\t\t\t\t\t\t\t<p>Asistimos en peticiones familiares y solicitudes de Estatus de Protecci\u00f3n Temporal (TPS), gui\u00e1ndote paso a paso para reunir la documentaci\u00f3n necesaria y cumplir con los requisitos establecidos por inmigraci\u00f3n. Trabajamos para mantener a las familias unidas y brindar estabilidad legal en cada etapa del proceso.<\/p>\t\t\t\t\t\t\t\t<\/div>\n\t\t\t\t<\/div>\n\t\t<div class=\"elementor-element elementor-element-848e304 e-con-full e-flex e-con e-child\" data-id=\"848e304\" data-element_type=\"container\" data-e-type=\"container\" data-settings=\"{&quot;background_background&quot;:&quot;classic&quot;}\">\n\t\t\t\t<div class=\"elementor-element elementor-element-c04d7b5 elementor-widget elementor-widget-heading\" data-id=\"c04d7b5\" data-element_type=\"widget\" data-e-type=\"widget\" data-widget_type=\"heading.default\">\n\t\t\t\t\t<h2 class=\"elementor-heading-title elementor-size-default\">Residencia Permanente<\/h2>\t\t\t\t<\/div>\n\t\t\t\t<div class=\"elementor-element elementor-element-9c9badb elementor-widget elementor-widget-text-editor\" data-id=\"9c9badb\" data-element_type=\"widget\" data-e-type=\"widget\" data-widget_type=\"text-editor.default\">\n\t\t\t\t\t\t\t\t\tTe ayudamos a gestionar tu residencia permanente de manera segura y eficiente, evaluando tu elegibilidad y preparando correctamente tu solicitud. Nuestro enfoque est\u00e1 en minimizar errores, reducir retrasos y aumentar las probabilidades de \u00e9xito en tu proceso migratorio.\t\t\t\t\t\t\t\t<\/div>\n\t\t\t\t<\/div>\n\t\t\t\t\t<\/div>\n\t\t\t\t<\/div>\n\t\t<div class=\"elementor-element elementor-element-cd6e1dc e-flex e-con-boxed e-con e-parent\" data-id=\"cd6e1dc\" data-element_type=\"container\" data-e-type=\"container\">\n\t\t\t\t\t<div class=\"e-con-inner\">\n\t\t<div class=\"elementor-element elementor-element-180ecd5 e-con-full e-flex e-con e-child\" data-id=\"180ecd5\" data-element_type=\"container\" data-e-type=\"container\" data-settings=\"{&quot;background_background&quot;:&quot;classic&quot;}\">\n\t\t\t\t<div class=\"elementor-element elementor-element-2f1a45f elementor-widget elementor-widget-heading\" data-id=\"2f1a45f\" data-element_type=\"widget\" data-e-type=\"widget\" data-widget_type=\"heading.default\">\n\t\t\t\t\t<h2 class=\"elementor-heading-title elementor-size-default\">Ciudadan\u00eda \/ Peticiones de Novio(a)<\/h2>\t\t\t\t<\/div>\n\t\t\t\t<div class=\"elementor-element elementor-element-89e3077 elementor-widget elementor-widget-text-editor\" data-id=\"89e3077\" data-element_type=\"widget\" data-e-type=\"widget\" data-widget_type=\"text-editor.default\">\n\t\t\t\t\t\t\t\t\tOfrecemos acompa\u00f1amiento legal en procesos de ciudadan\u00eda y peticiones de prometido(a), asegurando que cada formulario y requisito sea presentado conforme a la ley. Te orientamos para que avances con confianza hacia tu estatus legal definitivo o la reunificaci\u00f3n con tu pareja.\t\t\t\t\t\t\t\t<\/div>\n\t\t\t\t<\/div>\n\t\t<div class=\"elementor-element elementor-element-06536f4 e-con-full e-flex e-con e-child\" data-id=\"06536f4\" data-element_type=\"container\" data-e-type=\"container\" data-settings=\"{&quot;background_background&quot;:&quot;classic&quot;}\">\n\t\t\t\t<div class=\"elementor-element elementor-element-4fc9d18 elementor-widget elementor-widget-heading\" data-id=\"4fc9d18\" data-element_type=\"widget\" data-e-type=\"widget\" data-widget_type=\"heading.default\">\n\t\t\t\t\t<h2 class=\"elementor-heading-title elementor-size-default\">Adopciones \/ Casos Criminales<\/h2>\t\t\t\t<\/div>\n\t\t\t\t<div class=\"elementor-element elementor-element-c4ac671 elementor-widget elementor-widget-text-editor\" data-id=\"c4ac671\" data-element_type=\"widget\" data-e-type=\"widget\" data-widget_type=\"text-editor.default\">\n\t\t\t\t\t\t\t\t\tManejamos procesos de adopci\u00f3n y casos criminales con profesionalismo, sensibilidad y estricta confidencialidad. Entendemos la importancia de estos asuntos y trabajamos con dedicaci\u00f3n para proteger tus derechos y buscar la mejor soluci\u00f3n posible seg\u00fan tu situaci\u00f3n legal.\t\t\t\t\t\t\t\t<\/div>\n\t\t\t\t<\/div>\n\t\t<div class=\"elementor-element elementor-element-efa87ac e-con-full e-flex e-con e-child\" data-id=\"efa87ac\" data-element_type=\"container\" data-e-type=\"container\" data-settings=\"{&quot;background_background&quot;:&quot;classic&quot;}\">\n\t\t\t\t<div class=\"elementor-element elementor-element-9b58a96 elementor-widget elementor-widget-heading\" data-id=\"9b58a96\" data-element_type=\"widget\" data-e-type=\"widget\" data-widget_type=\"heading.default\">\n\t\t\t\t\t<h2 class=\"elementor-heading-title elementor-size-default\">Divorcios<\/h2>\t\t\t\t<\/div>\n\t\t\t\t<div class=\"elementor-element elementor-element-841029e elementor-widget elementor-widget-text-editor\" data-id=\"841029e\" data-element_type=\"widget\" data-e-type=\"widget\" data-widget_type=\"text-editor.default\">\n\t\t\t\t\t\t\t\t\tBrindamos asesor\u00eda y representaci\u00f3n en procesos de divorcio, procurando soluciones justas y eficientes. Nuestro enfoque es ofrecer apoyo legal claro y respetuoso, ayud\u00e1ndote a tomar decisiones informadas durante un momento importante y sensible de tu vida.\t\t\t\t\t\t\t\t<\/div>\n\t\t\t\t<\/div>\n\t\t\t\t\t<\/div>\n\t\t\t\t<\/div>\n\t\t\t\t<\/div>\n\t\t","protected":false},"excerpt":{"rendered":"<p>Servicios Inicio Servicios Perdones \/ Asilo Pol\u00edtico Brindamos asesor\u00eda legal especializada en perdones migratorios y solicitudes de asilo pol\u00edtico, ayudando a personas que enfrentan situaciones complejas a presentar su caso de forma clara y bien fundamentada. Nuestro objetivo es proteger tus derechos y acompa\u00f1arte durante todo el proceso, asegurando un manejo responsable y confidencial de [&hellip;]<\/p>\n","protected":false},"author":2,"featured_media":0,"parent":0,"menu_order":0,"comment_status":"closed","ping_status":"closed","template":"","meta":{"footnotes":""},"class_list":["post-213","page","type-page","status-publish","hentry"],"_links":{"self":[{"href":"http:\/\/arnulfochapa.com\/es\/wp-json\/wp\/v2\/pages\/213","targetHints":{"allow":["GET"]}}],"collection":[{"href":"http:\/\/arnulfochapa.com\/es\/wp-json\/wp\/v2\/pages"}],"about":[{"href":"http:\/\/arnulfochapa.com\/es\/wp-json\/wp\/v2\/types\/page"}],"author":[{"embeddable":true,"href":"http:\/\/arnulfochapa.com\/es\/wp-json\/wp\/v2\/users\/2"}],"replies":[{"embeddable":true,"href":"http:\/\/arnulfochapa.com\/es\/wp-json\/wp\/v2\/comments?post=213"}],"version-history":[{"count":7,"href":"http:\/\/arnulfochapa.com\/es\/wp-json\/wp\/v2\/pages\/213\/revisions"}],"predecessor-version":[{"id":221,"href":"http:\/\/arnulfochapa.com\/es\/wp-json\/wp\/v2\/pages\/213\/revisions\/221"}],"wp:attachment":[{"href":"http:\/\/arnulfochapa.com\/es\/wp-json\/wp\/v2\/media?parent=213"}],"curies":[{"name":"wp","href":"https:\/\/api.w.org\/{rel}","templated":true}]}}